{"id":11415,"date":"2021-09-17T13:48:46","date_gmt":"2021-09-17T11:48:46","guid":{"rendered":"http:\/\/luisgardens.com.w01d19f5.kasserver.com\/datenschutz\/"},"modified":"2024-04-19T11:34:48","modified_gmt":"2024-04-19T09:34:48","slug":"privacy-policy","status":"publish","type":"page","link":"https:\/\/luisgardens.com\/en\/privacy-policy\/","title":{"rendered":"Privacy policy"},"content":{"rendered":"<div id='av_section_1'  class='avia-section av-6al4p1-a43b03066b6636c7d21233466c9a3b20 main_color avia-section-default avia-no-border-styling  avia-builder-el-0  avia-builder-el-no-sibling  avia-bg-style-scroll container_wrap fullsize'  ><div class='container av-section-cont-open' ><main  role=\"main\" itemprop=\"mainContentOfPage\"  class='template-page content  av-content-full alpha units'><div class='post-entry post-entry-type-page post-entry-11415'><div class='entry-content-wrapper clearfix'>\n\n<style type=\"text\/css\" data-created_by=\"avia_inline_auto\" id=\"style-css-av-4qz12t-5ed636669b6c9c9158ff4cbb24d913a2\">\n#top .av-special-heading.av-4qz12t-5ed636669b6c9c9158ff4cbb24d913a2{\npadding-bottom:10px;\n}\nbody .av-special-heading.av-4qz12t-5ed636669b6c9c9158ff4cbb24d913a2 .av-special-heading-tag .heading-char{\nfont-size:25px;\n}\n.av-special-heading.av-4qz12t-5ed636669b6c9c9158ff4cbb24d913a2 .av-subheading{\nfont-size:15px;\n}\n<\/style>\n<div  class='av-special-heading av-4qz12t-5ed636669b6c9c9158ff4cbb24d913a2 av-special-heading-h1 blockquote modern-quote  avia-builder-el-1  el_before_av_textblock  avia-builder-el-first '><h1 class='av-special-heading-tag'  itemprop=\"headline\"  >Privacy policy<\/h1><div class=\"special-heading-border\"><div class=\"special-heading-inner-border\"><\/div><\/div><\/div>\n<section  class='av_textblock_section av-37wnc5-5d243c3ca37fb7bf07d5566572a74487'  itemscope=\"itemscope\" itemtype=\"https:\/\/schema.org\/CreativeWork\" ><div class='avia_textblock'  itemprop=\"text\" ><p><strong>As a service for guests on our website we presents basic information in English. The imprint listed in German below is legally binding.<\/strong><\/p>\n<p>Unser Anliegen im Sinne der DSGVO (berechtigtes Interesse) ist die Vermeidung von Nachteilen gegen\u00fcber unseren Wettbewerbern, die Verbesserung unserer Markenbekanntheit sowie die Maximierung unseres wirtschaftlichen Erfolgs durch bestm\u00f6gliche vertriebliche Nutzung der gewonnenen Kontakte.<\/p>\n<p>Neben unserer Website betreiben wir zus\u00e4tzlich optimierte Verkaufs-Landingpages. Zur Bearbeitung Ihrer Anfrage, Buchung, Bestellung, Aktivierung, Anmeldung oder sonstigen \u00dcbermittlung eines Formulars auf einer solchen Landingpage sowie zur Speicherung und Aufbewahrung Ihrer Daten nutzen wir g\u00e4ngige Cloud-Dienste und CRM-Systeme. Mittels dieser Dienste und Systeme werden Ihre Daten zumindest zum Teil auch au\u00dferhalb der EU bzw. des EWR verarbeitet und gespeichert. Das angemessene Datenschutzniveau ergibt sich dabei aus einem Angemessenheitsbeschluss der Europ\u00e4ischen Kommission (\u201ePrivacy Shield\u201c) oder aus den abgeschlossenen Auftragsverarbeitungsvereinbarungen mit den jeweiligen Unternehmen.<br \/>\nUnsere Landingpages verwenden Funktionen des Webanalysedienstes Google Analytics der Google Inc. (\u201eGoogle\u201c). Dazu werden Cookies verwendet, die eine Analyse der Benutzung der Website durch ihre Benutzer erm\u00f6glicht. Die dadurch erzeugten Informationen werden auf den Server des Anbieters \u00fcbertragen und dort gespeichert. Sie k\u00f6nnen dies verhindern, indem Sie Ihren Browser so einrichten, dass keine Cookies gespeichert oder Sie \u00fcber das Setzen von Cookies informiert werden und Sie dies nur im Einzelfall erlauben.<br \/>\nIhre IP-Adresse wird erfasst, aber umgehend (z.B. durch L\u00f6schung der letzten 8 Bit) anonymisiert. Dadurch ist nur mehr eine grobe Lokalisierung m\u00f6glich.<br \/>\nDie Beziehung zum Webanalyseanbieter Google basiert auf Angemessenheitsbeschluss der Europ\u00e4ischen Kommission (im Fall der USA: \u201ePrivacy Shield\u201c).<br \/>\nSie k\u00f6nnen die Speicherung der Cookies durch eine entsprechende Einstellung ihrer Browser-Software verhindern. Sie k\u00f6nnen dar\u00fcber hinaus die Erfassung der durch das Cookie erzeugten und auf Ihre Nutzung des Onlineangebotes bezogenen Daten an Google sowie die Verarbeitung dieser Daten durch Google verhindern, indem Sie das unter dem folgenden Link verf\u00fcgbare Browser-Plugin herunterladen und installieren: <a href=\"http:\/\/tools.google.com\/dlpage\/gaoptout?hl=de\" target=\"_blank\" rel=\"noopener\">http:\/\/tools.google.com\/dlpage\/gaoptout?hl=de<\/a>.<\/p>\n<p>Die Datenverarbeitung erfolgt auf Basis der gesetzlichen Bestimmungen des Art 6 Abs 1 lit f (berechtigtes Interesse) der DSGVO.<br \/>\nUnser Anliegen im Sinne der DSGVO (berechtigtes Interesse) ist die Verbesserung unseres Angebots und unseres Webauftritts durch Analyse der Benutzung unserer Website sowie Vertriebs- und Marketingma\u00dfnahmen.<br \/>\nZudem verwenden unsere Landingpages Remarketing-Funktionen der Google Inc. (\u201eGoogle\u201c) sowie der Facebook Inc. (\u201eFacebook\u201c). Dabei wird an Facebook und Google \u00fcbermittelt, dass Sie diese Website besucht haben. Diese Funktionen dienen dazu, Besuchern der Landingpages interessenbezogene Werbeanzeigen im Werbenetzwerk von Google oder im Sozialen Netzwerk Facebook sowie Instagram zu pr\u00e4sentieren.<br \/>\nDie Datenverarbeitung im Zusammenhang mit diesen Remarketing-Funktionen erfolgt auf Basis der gesetzlichen Bestimmungen des Art 6 Abs 1 lit a (Einwilligung) der DSGVO.<br \/>\nSie werden mittels eines Banners beim Besuch unserer Landingpages auf die Verwendung Cookies f\u00fcr diese Remarketing-Funktionen hingewiesen. Durch die weitere Nutzung oder durch Klick auf den entsprechenden Button stimmen Sie der Verwendung zu. Sie k\u00f6nnen jederzeit der Einwilligung widersprechen, indem Sie auf der jeweiligen Landingpage die Seite mit den Cookie-Informationen aufrufen und im erscheinenden Banner die Cookie-Verwendung ablehnen.<\/p>\n<p>Datenschutz<br \/>\nExperience Alpine Living<\/p>\n<\/div><\/section>\n\n","protected":false},"excerpt":{"rendered":"","protected":false},"author":8,"featured_media":0,"parent":0,"menu_order":0,"comment_status":"closed","ping_status":"closed","template":"","meta":{"_acf_changed":false,"footnotes":""},"class_list":["post-11415","page","type-page","status-publish","hentry"],"acf":[],"yoast_head":"<!-- This site is optimized with the Yoast SEO plugin v25.9 - https:\/\/yoast.com\/wordpress\/plugins\/seo\/ -->\n<title>Our privacy policy | Luis Gardens Restaurant<\/title>\n<meta name=\"description\" content=\"All important regulations regarding data protection at Luis Gardens in Kaprun can be found here \u27a4 Visit us near Zell am See!\" \/>\n<meta name=\"robots\" content=\"index, follow, max-snippet:-1, max-image-preview:large, max-video-preview:-1\" \/>\n<link rel=\"canonical\" href=\"https:\/\/luisgardens.com\/en\/privacy-policy\/\" \/>\n<meta property=\"og:locale\" content=\"en_US\" \/>\n<meta property=\"og:type\" content=\"article\" \/>\n<meta property=\"og:title\" content=\"Our privacy policy | Luis Gardens Kaprun\" \/>\n<meta property=\"og:description\" content=\"All important regulations regarding data protection at Luis Gardens in Kaprun can be found here. Visit us near Zell am See!\" \/>\n<meta property=\"og:url\" content=\"https:\/\/luisgardens.com\/en\/privacy-policy\/\" \/>\n<meta property=\"og:site_name\" content=\"Luis&#039; Gardens Restaurant\" \/>\n<meta property=\"article:publisher\" content=\"https:\/\/www.facebook.com\/luisgardensrestaurantat\/\" \/>\n<meta property=\"article:modified_time\" content=\"2024-04-19T09:34:48+00:00\" \/>\n<meta name=\"twitter:card\" content=\"summary_large_image\" \/>\n<meta name=\"twitter:title\" content=\"Our privacy policy | Luis Gardens Kaprun\" \/>\n<meta name=\"twitter:description\" content=\"All important regulations regarding data protection at Luis Gardens in Kaprun can be found here. Visit us near Zell am See!\" \/>\n<meta name=\"twitter:label1\" content=\"Est. reading time\" \/>\n\t<meta name=\"twitter:data1\" content=\"4 minutes\" \/>\n<script type=\"application\/ld+json\" class=\"yoast-schema-graph\">{\"@context\":\"https:\/\/schema.org\",\"@graph\":[{\"@type\":\"WebPage\",\"@id\":\"https:\/\/luisgardens.com\/en\/privacy-policy\/\",\"url\":\"https:\/\/luisgardens.com\/en\/privacy-policy\/\",\"name\":\"Our privacy policy | Luis Gardens Restaurant\",\"isPartOf\":{\"@id\":\"\/#website\"},\"datePublished\":\"2021-09-17T11:48:46+00:00\",\"dateModified\":\"2024-04-19T09:34:48+00:00\",\"description\":\"All important regulations regarding data protection at Luis Gardens in Kaprun can be found here \u27a4 Visit us near Zell am See!\",\"breadcrumb\":{\"@id\":\"https:\/\/luisgardens.com\/en\/privacy-policy\/#breadcrumb\"},\"inLanguage\":\"en-US\",\"potentialAction\":[{\"@type\":\"ReadAction\",\"target\":[\"https:\/\/luisgardens.com\/en\/privacy-policy\/\"]}]},{\"@type\":\"BreadcrumbList\",\"@id\":\"https:\/\/luisgardens.com\/en\/privacy-policy\/#breadcrumb\",\"itemListElement\":[{\"@type\":\"ListItem\",\"position\":1,\"name\":\"Startseite\",\"item\":\"https:\/\/luisgardens.com\/en\/home\/\"},{\"@type\":\"ListItem\",\"position\":2,\"name\":\"Privacy policy\"}]},{\"@type\":\"WebSite\",\"@id\":\"\/#website\",\"url\":\"\/\",\"name\":\"Luis&#039; Gardens Restaurant\",\"description\":\"Kapruns innovativstes Restaurant\",\"publisher\":{\"@id\":\"\/#organization\"},\"potentialAction\":[{\"@type\":\"SearchAction\",\"target\":{\"@type\":\"EntryPoint\",\"urlTemplate\":\"\/?s={search_term_string}\"},\"query-input\":{\"@type\":\"PropertyValueSpecification\",\"valueRequired\":true,\"valueName\":\"search_term_string\"}}],\"inLanguage\":\"en-US\"},{\"@type\":\"Organization\",\"@id\":\"\/#organization\",\"name\":\"Luis' Gardens Restaurant\",\"url\":\"\/\",\"logo\":{\"@type\":\"ImageObject\",\"inLanguage\":\"en-US\",\"@id\":\"\/#\/schema\/logo\/image\/\",\"url\":\"https:\/\/luisgardens.com\/wp-content\/uploads\/2022\/07\/lg-logo-color.png\",\"contentUrl\":\"https:\/\/luisgardens.com\/wp-content\/uploads\/2022\/07\/lg-logo-color.png\",\"width\":900,\"height\":667,\"caption\":\"Luis' Gardens Restaurant\"},\"image\":{\"@id\":\"\/#\/schema\/logo\/image\/\"},\"sameAs\":[\"https:\/\/www.facebook.com\/luisgardensrestaurantat\/\",\"https:\/\/www.instagram.com\/luisgardensrestaurant\/\"]}]}<\/script>\n<!-- \/ Yoast SEO plugin. -->","yoast_head_json":{"title":"Our privacy policy | Luis Gardens Restaurant","description":"All important regulations regarding data protection at Luis Gardens in Kaprun can be found here \u27a4 Visit us near Zell am See!","robots":{"index":"index","follow":"follow","max-snippet":"max-snippet:-1","max-image-preview":"max-image-preview:large","max-video-preview":"max-video-preview:-1"},"canonical":"https:\/\/luisgardens.com\/en\/privacy-policy\/","og_locale":"en_US","og_type":"article","og_title":"Our privacy policy | Luis Gardens Kaprun","og_description":"All important regulations regarding data protection at Luis Gardens in Kaprun can be found here. Visit us near Zell am See!","og_url":"https:\/\/luisgardens.com\/en\/privacy-policy\/","og_site_name":"Luis&#039; Gardens Restaurant","article_publisher":"https:\/\/www.facebook.com\/luisgardensrestaurantat\/","article_modified_time":"2024-04-19T09:34:48+00:00","twitter_card":"summary_large_image","twitter_title":"Our privacy policy | Luis Gardens Kaprun","twitter_description":"All important regulations regarding data protection at Luis Gardens in Kaprun can be found here. Visit us near Zell am See!","twitter_misc":{"Est. reading time":"4 minutes"},"schema":{"@context":"https:\/\/schema.org","@graph":[{"@type":"WebPage","@id":"https:\/\/luisgardens.com\/en\/privacy-policy\/","url":"https:\/\/luisgardens.com\/en\/privacy-policy\/","name":"Our privacy policy | Luis Gardens Restaurant","isPartOf":{"@id":"\/#website"},"datePublished":"2021-09-17T11:48:46+00:00","dateModified":"2024-04-19T09:34:48+00:00","description":"All important regulations regarding data protection at Luis Gardens in Kaprun can be found here \u27a4 Visit us near Zell am See!","breadcrumb":{"@id":"https:\/\/luisgardens.com\/en\/privacy-policy\/#breadcrumb"},"inLanguage":"en-US","potentialAction":[{"@type":"ReadAction","target":["https:\/\/luisgardens.com\/en\/privacy-policy\/"]}]},{"@type":"BreadcrumbList","@id":"https:\/\/luisgardens.com\/en\/privacy-policy\/#breadcrumb","itemListElement":[{"@type":"ListItem","position":1,"name":"Startseite","item":"https:\/\/luisgardens.com\/en\/home\/"},{"@type":"ListItem","position":2,"name":"Privacy policy"}]},{"@type":"WebSite","@id":"\/#website","url":"\/","name":"Luis&#039; Gardens Restaurant","description":"Kapruns innovativstes Restaurant","publisher":{"@id":"\/#organization"},"potentialAction":[{"@type":"SearchAction","target":{"@type":"EntryPoint","urlTemplate":"\/?s={search_term_string}"},"query-input":{"@type":"PropertyValueSpecification","valueRequired":true,"valueName":"search_term_string"}}],"inLanguage":"en-US"},{"@type":"Organization","@id":"\/#organization","name":"Luis' Gardens Restaurant","url":"\/","logo":{"@type":"ImageObject","inLanguage":"en-US","@id":"\/#\/schema\/logo\/image\/","url":"https:\/\/luisgardens.com\/wp-content\/uploads\/2022\/07\/lg-logo-color.png","contentUrl":"https:\/\/luisgardens.com\/wp-content\/uploads\/2022\/07\/lg-logo-color.png","width":900,"height":667,"caption":"Luis' Gardens Restaurant"},"image":{"@id":"\/#\/schema\/logo\/image\/"},"sameAs":["https:\/\/www.facebook.com\/luisgardensrestaurantat\/","https:\/\/www.instagram.com\/luisgardensrestaurant\/"]}]}},"_links":{"self":[{"href":"https:\/\/luisgardens.com\/en\/wp-json\/wp\/v2\/pages\/11415","targetHints":{"allow":["GET"]}}],"collection":[{"href":"https:\/\/luisgardens.com\/en\/wp-json\/wp\/v2\/pages"}],"about":[{"href":"https:\/\/luisgardens.com\/en\/wp-json\/wp\/v2\/types\/page"}],"author":[{"embeddable":true,"href":"https:\/\/luisgardens.com\/en\/wp-json\/wp\/v2\/users\/8"}],"replies":[{"embeddable":true,"href":"https:\/\/luisgardens.com\/en\/wp-json\/wp\/v2\/comments?post=11415"}],"version-history":[{"count":4,"href":"https:\/\/luisgardens.com\/en\/wp-json\/wp\/v2\/pages\/11415\/revisions"}],"predecessor-version":[{"id":11460,"href":"https:\/\/luisgardens.com\/en\/wp-json\/wp\/v2\/pages\/11415\/revisions\/11460"}],"wp:attachment":[{"href":"https:\/\/luisgardens.com\/en\/wp-json\/wp\/v2\/media?parent=11415"}],"curies":[{"name":"wp","href":"https:\/\/api.w.org\/{rel}","templated":true}]}}