{"id":11421,"date":"2021-09-17T13:48:25","date_gmt":"2021-09-17T11:48:25","guid":{"rendered":"http:\/\/luisgardens.com.w01d19f5.kasserver.com\/impressum\/"},"modified":"2024-04-19T11:40:36","modified_gmt":"2024-04-19T09:40:36","slug":"imprint","status":"publish","type":"page","link":"https:\/\/luisgardens.com\/en\/imprint\/","title":{"rendered":"Imprint"},"content":{"rendered":"<div id='av_section_1'  class='avia-section av-5zyyz6-634748defb6208a53e0ffe09baa9c781 main_color avia-section-default avia-no-border-styling  avia-builder-el-0  avia-builder-el-no-sibling  avia-bg-style-scroll container_wrap fullsize'  ><div class='container av-section-cont-open' ><main  role=\"main\" itemprop=\"mainContentOfPage\"  class='template-page content  av-content-full alpha units'><div class='post-entry post-entry-type-page post-entry-11421'><div class='entry-content-wrapper clearfix'>\n\n<style type=\"text\/css\" data-created_by=\"avia_inline_auto\" id=\"style-css-av-1if5u-0b1a907efe3437232d276a704cba6c50\">\n#top .av-special-heading.av-1if5u-0b1a907efe3437232d276a704cba6c50{\npadding-bottom:10px;\n}\nbody .av-special-heading.av-1if5u-0b1a907efe3437232d276a704cba6c50 .av-special-heading-tag .heading-char{\nfont-size:25px;\n}\n.av-special-heading.av-1if5u-0b1a907efe3437232d276a704cba6c50 .av-subheading{\nfont-size:15px;\n}\n<\/style>\n<div  class='av-special-heading av-1if5u-0b1a907efe3437232d276a704cba6c50 av-special-heading-h1 blockquote modern-quote  avia-builder-el-1  el_before_av_textblock  avia-builder-el-first '><h1 class='av-special-heading-tag'  itemprop=\"headline\"  >Imprint<\/h1><div class=\"special-heading-border\"><div class=\"special-heading-inner-border\"><\/div><\/div><\/div>\n<section  class='av_textblock_section av-2ki3jm-9ac2a42b2f401aeadb7cedc63fa1198d'  itemscope=\"itemscope\" itemtype=\"https:\/\/schema.org\/CreativeWork\" ><div class='avia_textblock'  itemprop=\"text\" ><p><strong>As a service for guests on our website we presents basic information in English. The imprint listed in German below is legally binding.<\/strong><\/p>\n<p><strong>Verantwortlich f\u00fcr die Informationen:<\/strong><br \/>\nMountain Hotel Luis Management GmbH<br \/>\nNikolaus Gassner Stra\u00dfe 19<br \/>\nA-5710 Kaprun<\/p>\n<p>Phone.: +43 65 47 \/ 20 630<br \/>\nE-Mail: <a href=\"mailto:luis@mountain-hotels.com\">luis@mountain-hotels.com<\/a><\/p>\n<p>Firmenbuch: FN 513654 z<br \/>\nSteuernummer: ATU74627004<\/p>\n<p><strong>Haftung:<\/strong><br \/>\nS\u00e4mtliche Inhalte wurden sorgf\u00e4ltig gepr\u00fcft. Dessen ungeachtet kann keine Garantie f\u00fcr Richtigkeit, Vollst\u00e4ndigkeit und Aktualit\u00e4t der Angaben \u00fcbernommen werden.<\/p>\n<p><strong>Copyright:<\/strong><br \/>\nS\u00e4mtliche Texte, Grafiken und Bilder sind urheberrechtlich gesch\u00fctzt; (Bilder Mountain Homes GmbH, TVB Geogang, Saalfelden, Neukirchen am Gro\u00dfvenediger) eine Verwendung ist nur mit ausdr\u00fccklicher Genehmigung der MOUNTAIN HOMES GMBH zul\u00e4ssig. Landschaftsaufnahmen vom TVB Neukirchen am Gro\u00dfvenediger, Nationalpark Hohe Tauern Touristi, Saalfelden-Leogang Touristik und Tourismusverband Zell am See &#8211; Kaprun sowie die Therme Kaprun.<\/p>\n<p><strong>Gestaltung, Texte &amp; technische Umsetzung:<br \/>\n<\/strong>opensmjle. visual storytelling agency<br \/>\n<a href=\"https:\/\/www.opensmjle.com\/\" target=\"_blank\" rel=\"noopener\">www.opensmjle.com<\/a><\/p>\n<p><strong>Links:<\/strong><br \/>\nLinks auf diese Website sind erw\u00fcnscht, soweit sie als externe Links gef\u00fchrt werden und jeweils ganze Seiten (inkl. Navigationsframe) wiedergegeben werden. Eine \u00dcbernahme des Hauptfensters in einen Frame des Linksetzers ist unzul\u00e4ssig. Eigene Links auf fremde Seiten stellen nur Wegweiser zu diesen Seiten dar; sie werden deshalb regelm\u00e4\u00dfig mittels externem Link in einem eigenen Browserfenster dargestellt. Der Herausgeber identifiziert sich nicht mit dem Inhalt der Seiten, auf die verwiesen wird und \u00fcbernimmt daf\u00fcr keine Haftung. Sollte eine der Seiten, auf die verwiesen wird, bedenkliche Inhalte aufweisen, wird um Mitteilung ersucht; in so einem Falle wird der Link sofort gel\u00f6scht.<\/p>\n<p><strong>Bildnachweise:<\/strong><br \/>\nPhoto by\u00a0<strong><a href=\"https:\/\/www.pexels.com\/@emrahtolu?utm_content=attributionCopyText&amp;utm_medium=referral&amp;utm_source=pexels\">Emrah Tolu<\/a><\/strong>\u00a0from\u00a0<strong><a href=\"https:\/\/www.pexels.com\/photo\/fried-egg-beside-bread-platter-2662875\/?utm_content=attributionCopyText&amp;utm_medium=referral&amp;utm_source=pexels\">Pexels<\/a><br \/>\n<\/strong><br \/>\nFaistauer Photography<br \/>\nKitzsteinhorn<br \/>\nSchmittenh\u00f6he<br \/>\nSchmittenh\u00f6hebahn AG \/ Felsch<br \/>\nSchmittenh\u00f6hebahn AG<br \/>\nTAUERN SPA Zell am See &#8211; Kaprun<br \/>\nVerbund\/Johannes Heuckeroth<br \/>\nZell am See-Kaprun Tourismus GmbH<br \/>\nZell am See-Kaprun Tourismus \/ Mairitsch<br \/>\nZell am See-Kaprun Tourismus \/ Nikolaus Faistauer<br \/>\nZell am See-Kaprun Tourismus \/ Sebastian D\u00f6rk<\/p>\n<\/div><\/section>\n\n","protected":false},"excerpt":{"rendered":"","protected":false},"author":8,"featured_media":0,"parent":0,"menu_order":0,"comment_status":"closed","ping_status":"closed","template":"","meta":{"_acf_changed":false,"footnotes":""},"class_list":["post-11421","page","type-page","status-publish","hentry"],"acf":[],"yoast_head":"<!-- This site is optimized with the Yoast SEO plugin v25.9 - https:\/\/yoast.com\/wordpress\/plugins\/seo\/ -->\n<title>Our Imprint | Luis Gardens Restaurant<\/title>\n<meta name=\"description\" content=\"All relevant legal information about Luis Gardens in Kaprun can be found in our imprint \u27a4 We look forward to your visit!\" \/>\n<meta name=\"robots\" content=\"index, follow, max-snippet:-1, max-image-preview:large, max-video-preview:-1\" \/>\n<link rel=\"canonical\" href=\"https:\/\/luisgardens.com\/en\/imprint\/\" \/>\n<meta property=\"og:locale\" content=\"en_US\" \/>\n<meta property=\"og:type\" content=\"article\" \/>\n<meta property=\"og:title\" content=\"Our Imprint | Luis Gardens Restaurant Kaprun\" \/>\n<meta property=\"og:description\" content=\"All relevant legal information about Luis Gardens in Kaprun can be found in our imprint. We look forward to your visit!\" \/>\n<meta property=\"og:url\" content=\"https:\/\/luisgardens.com\/en\/imprint\/\" \/>\n<meta property=\"og:site_name\" content=\"Luis&#039; Gardens Restaurant\" \/>\n<meta property=\"article:publisher\" content=\"https:\/\/www.facebook.com\/luisgardensrestaurantat\/\" \/>\n<meta property=\"article:modified_time\" content=\"2024-04-19T09:40:36+00:00\" \/>\n<meta name=\"twitter:card\" content=\"summary_large_image\" \/>\n<meta name=\"twitter:title\" content=\"Our Imprint | Luis Gardens Restaurant Kaprun\" \/>\n<meta name=\"twitter:description\" content=\"All relevant legal information about Luis Gardens in Kaprun can be found in our imprint. We look forward to your visit!\" \/>\n<meta name=\"twitter:label1\" content=\"Est. reading time\" \/>\n\t<meta name=\"twitter:data1\" content=\"3 minutes\" \/>\n<script type=\"application\/ld+json\" class=\"yoast-schema-graph\">{\"@context\":\"https:\/\/schema.org\",\"@graph\":[{\"@type\":\"WebPage\",\"@id\":\"https:\/\/luisgardens.com\/en\/imprint\/\",\"url\":\"https:\/\/luisgardens.com\/en\/imprint\/\",\"name\":\"Our Imprint | Luis Gardens Restaurant\",\"isPartOf\":{\"@id\":\"\/#website\"},\"datePublished\":\"2021-09-17T11:48:25+00:00\",\"dateModified\":\"2024-04-19T09:40:36+00:00\",\"description\":\"All relevant legal information about Luis Gardens in Kaprun can be found in our imprint \u27a4 We look forward to your visit!\",\"breadcrumb\":{\"@id\":\"https:\/\/luisgardens.com\/en\/imprint\/#breadcrumb\"},\"inLanguage\":\"en-US\",\"potentialAction\":[{\"@type\":\"ReadAction\",\"target\":[\"https:\/\/luisgardens.com\/en\/imprint\/\"]}]},{\"@type\":\"BreadcrumbList\",\"@id\":\"https:\/\/luisgardens.com\/en\/imprint\/#breadcrumb\",\"itemListElement\":[{\"@type\":\"ListItem\",\"position\":1,\"name\":\"Startseite\",\"item\":\"https:\/\/luisgardens.com\/en\/home\/\"},{\"@type\":\"ListItem\",\"position\":2,\"name\":\"Imprint\"}]},{\"@type\":\"WebSite\",\"@id\":\"\/#website\",\"url\":\"\/\",\"name\":\"Luis&#039; Gardens Restaurant\",\"description\":\"Kapruns innovativstes Restaurant\",\"publisher\":{\"@id\":\"\/#organization\"},\"potentialAction\":[{\"@type\":\"SearchAction\",\"target\":{\"@type\":\"EntryPoint\",\"urlTemplate\":\"\/?s={search_term_string}\"},\"query-input\":{\"@type\":\"PropertyValueSpecification\",\"valueRequired\":true,\"valueName\":\"search_term_string\"}}],\"inLanguage\":\"en-US\"},{\"@type\":\"Organization\",\"@id\":\"\/#organization\",\"name\":\"Luis' Gardens Restaurant\",\"url\":\"\/\",\"logo\":{\"@type\":\"ImageObject\",\"inLanguage\":\"en-US\",\"@id\":\"\/#\/schema\/logo\/image\/\",\"url\":\"https:\/\/luisgardens.com\/wp-content\/uploads\/2022\/07\/lg-logo-color.png\",\"contentUrl\":\"https:\/\/luisgardens.com\/wp-content\/uploads\/2022\/07\/lg-logo-color.png\",\"width\":900,\"height\":667,\"caption\":\"Luis' Gardens Restaurant\"},\"image\":{\"@id\":\"\/#\/schema\/logo\/image\/\"},\"sameAs\":[\"https:\/\/www.facebook.com\/luisgardensrestaurantat\/\",\"https:\/\/www.instagram.com\/luisgardensrestaurant\/\"]}]}<\/script>\n<!-- \/ Yoast SEO plugin. -->","yoast_head_json":{"title":"Our Imprint | Luis Gardens Restaurant","description":"All relevant legal information about Luis Gardens in Kaprun can be found in our imprint \u27a4 We look forward to your visit!","robots":{"index":"index","follow":"follow","max-snippet":"max-snippet:-1","max-image-preview":"max-image-preview:large","max-video-preview":"max-video-preview:-1"},"canonical":"https:\/\/luisgardens.com\/en\/imprint\/","og_locale":"en_US","og_type":"article","og_title":"Our Imprint | Luis Gardens Restaurant Kaprun","og_description":"All relevant legal information about Luis Gardens in Kaprun can be found in our imprint. We look forward to your visit!","og_url":"https:\/\/luisgardens.com\/en\/imprint\/","og_site_name":"Luis&#039; Gardens Restaurant","article_publisher":"https:\/\/www.facebook.com\/luisgardensrestaurantat\/","article_modified_time":"2024-04-19T09:40:36+00:00","twitter_card":"summary_large_image","twitter_title":"Our Imprint | Luis Gardens Restaurant Kaprun","twitter_description":"All relevant legal information about Luis Gardens in Kaprun can be found in our imprint. We look forward to your visit!","twitter_misc":{"Est. reading time":"3 minutes"},"schema":{"@context":"https:\/\/schema.org","@graph":[{"@type":"WebPage","@id":"https:\/\/luisgardens.com\/en\/imprint\/","url":"https:\/\/luisgardens.com\/en\/imprint\/","name":"Our Imprint | Luis Gardens Restaurant","isPartOf":{"@id":"\/#website"},"datePublished":"2021-09-17T11:48:25+00:00","dateModified":"2024-04-19T09:40:36+00:00","description":"All relevant legal information about Luis Gardens in Kaprun can be found in our imprint \u27a4 We look forward to your visit!","breadcrumb":{"@id":"https:\/\/luisgardens.com\/en\/imprint\/#breadcrumb"},"inLanguage":"en-US","potentialAction":[{"@type":"ReadAction","target":["https:\/\/luisgardens.com\/en\/imprint\/"]}]},{"@type":"BreadcrumbList","@id":"https:\/\/luisgardens.com\/en\/imprint\/#breadcrumb","itemListElement":[{"@type":"ListItem","position":1,"name":"Startseite","item":"https:\/\/luisgardens.com\/en\/home\/"},{"@type":"ListItem","position":2,"name":"Imprint"}]},{"@type":"WebSite","@id":"\/#website","url":"\/","name":"Luis&#039; Gardens Restaurant","description":"Kapruns innovativstes Restaurant","publisher":{"@id":"\/#organization"},"potentialAction":[{"@type":"SearchAction","target":{"@type":"EntryPoint","urlTemplate":"\/?s={search_term_string}"},"query-input":{"@type":"PropertyValueSpecification","valueRequired":true,"valueName":"search_term_string"}}],"inLanguage":"en-US"},{"@type":"Organization","@id":"\/#organization","name":"Luis' Gardens Restaurant","url":"\/","logo":{"@type":"ImageObject","inLanguage":"en-US","@id":"\/#\/schema\/logo\/image\/","url":"https:\/\/luisgardens.com\/wp-content\/uploads\/2022\/07\/lg-logo-color.png","contentUrl":"https:\/\/luisgardens.com\/wp-content\/uploads\/2022\/07\/lg-logo-color.png","width":900,"height":667,"caption":"Luis' Gardens Restaurant"},"image":{"@id":"\/#\/schema\/logo\/image\/"},"sameAs":["https:\/\/www.facebook.com\/luisgardensrestaurantat\/","https:\/\/www.instagram.com\/luisgardensrestaurant\/"]}]}},"_links":{"self":[{"href":"https:\/\/luisgardens.com\/en\/wp-json\/wp\/v2\/pages\/11421","targetHints":{"allow":["GET"]}}],"collection":[{"href":"https:\/\/luisgardens.com\/en\/wp-json\/wp\/v2\/pages"}],"about":[{"href":"https:\/\/luisgardens.com\/en\/wp-json\/wp\/v2\/types\/page"}],"author":[{"embeddable":true,"href":"https:\/\/luisgardens.com\/en\/wp-json\/wp\/v2\/users\/8"}],"replies":[{"embeddable":true,"href":"https:\/\/luisgardens.com\/en\/wp-json\/wp\/v2\/comments?post=11421"}],"version-history":[{"count":4,"href":"https:\/\/luisgardens.com\/en\/wp-json\/wp\/v2\/pages\/11421\/revisions"}],"predecessor-version":[{"id":11468,"href":"https:\/\/luisgardens.com\/en\/wp-json\/wp\/v2\/pages\/11421\/revisions\/11468"}],"wp:attachment":[{"href":"https:\/\/luisgardens.com\/en\/wp-json\/wp\/v2\/media?parent=11421"}],"curies":[{"name":"wp","href":"https:\/\/api.w.org\/{rel}","templated":true}]}}